{"id":218,"date":"2018-01-23T19:45:13","date_gmt":"2018-01-23T19:45:13","guid":{"rendered":"https:\/\/orbitaweb.com.ar\/muestras\/coe\/?page_id=115"},"modified":"2020-02-03T17:13:59","modified_gmt":"2020-02-03T20:13:59","slug":"dra-maria-eugenia-esteves","status":"publish","type":"page","link":"https:\/\/centrodeojosesteves.com.ar\/coe\/dra-maria-eugenia-esteves\/","title":{"rendered":"Dra. Mar\u00eda Eugenia Esteves"},"content":{"rendered":"\n\t\t\t\t<img loading=\"lazy\" src=\"https:\/\/orbitaweb.com.ar\/muestras\/coe\/wp-content\/uploads\/2020\/01\/Mar\u00eda-Eugenia-Esteves-225x300.jpeg\" alt=\"Mar\u00eda Eugenia Esteves\" itemprop=\"image\" height=\"300\" width=\"225\" title=\"Mar\u00eda Eugenia Esteves\" onerror=\"this.style.display='none'\"  \/>\n\t<p>&#8211; M\u00e9dica egresada de la Universidad del Salvador<\/p>\n<p>-M\u00e9dica especialista en Oftalmolog\u00eda. Hospital Nuestra Se\u00f1ora de la Medalla Milagrosa. Malvinas Argentinas, Buenos Aires<\/p>\n<p>-Especialista Universitaria en Oftalmologia. Universidad de Buenos Aires<\/p>\n\t\t\t<a href=\"https:\/\/centrodeojosesteves.com.ar\/coe\/nosotros#profesionales\" target=\"_self\" role=\"button\" rel=\"noopener noreferrer\">\n\t\t\t\t\t\tVolver\n\t\t<\/a>\n","protected":false},"excerpt":{"rendered":"<p>&#8211; M\u00e9dica egresada de la Universidad del Salvador -M\u00e9dica especialista en Oftalmolog\u00eda. Hospital Nuestra Se\u00f1ora de la Medalla Milagrosa. Malvinas Argentinas, Buenos Aires -Especialista Universitaria en Oftalmologia. Universidad de Buenos Aires Volver<\/p>\n","protected":false},"author":1,"featured_media":0,"parent":0,"menu_order":0,"comment_status":"closed","ping_status":"closed","template":"","meta":[],"_links":{"self":[{"href":"https:\/\/centrodeojosesteves.com.ar\/coe\/wp-json\/wp\/v2\/pages\/218"}],"collection":[{"href":"https:\/\/centrodeojosesteves.com.ar\/coe\/wp-json\/wp\/v2\/pages"}],"about":[{"href":"https:\/\/centrodeojosesteves.com.ar\/coe\/wp-json\/wp\/v2\/types\/page"}],"author":[{"embeddable":true,"href":"https:\/\/centrodeojosesteves.com.ar\/coe\/wp-json\/wp\/v2\/users\/1"}],"replies":[{"embeddable":true,"href":"https:\/\/centrodeojosesteves.com.ar\/coe\/wp-json\/wp\/v2\/comments?post=218"}],"version-history":[{"count":1,"href":"https:\/\/centrodeojosesteves.com.ar\/coe\/wp-json\/wp\/v2\/pages\/218\/revisions"}],"predecessor-version":[{"id":276,"href":"https:\/\/centrodeojosesteves.com.ar\/coe\/wp-json\/wp\/v2\/pages\/218\/revisions\/276"}],"wp:attachment":[{"href":"https:\/\/centrodeojosesteves.com.ar\/coe\/wp-json\/wp\/v2\/media?parent=218"}],"curies":[{"name":"wp","href":"https:\/\/api.w.org\/{rel}","templated":true}]}}