{"id":216,"date":"2018-01-23T19:34:05","date_gmt":"2018-01-23T19:34:05","guid":{"rendered":"https:\/\/orbitaweb.com.ar\/muestras\/coe\/?page_id=103"},"modified":"2020-02-03T17:13:25","modified_gmt":"2020-02-03T20:13:25","slug":"maria-victoria-rourich","status":"publish","type":"page","link":"https:\/\/centrodeojosesteves.com.ar\/coe\/maria-victoria-rourich\/","title":{"rendered":"Mar\u00eda Victoria Rourich"},"content":{"rendered":"\n\t\t\t\t<img loading=\"lazy\" src=\"https:\/\/orbitaweb.com.ar\/muestras\/coe\/wp-content\/uploads\/2020\/01\/Victoria-Rourich-225x300.jpeg\" alt=\"Victoria Rourich\" itemprop=\"image\" height=\"300\" width=\"225\" title=\"Victoria Rourich\" onerror=\"this.style.display='none'\"  \/>\n\t<p>&#8211; M\u00e9dica egresada de la Facultad de Ciencias M\u00e9dicas de la Universidad Nacional de Rosario Santa Fe.<\/p>\n<p>&#8211; M\u00e9dica especialista en Oftalmol\u00f3gia. Master en Oftalmol\u00f3gia. Universidad Cat\u00f3lica de Salta.Escuela universitaria en Ciencias de la Salud.<\/p>\n<p>&#8211; M\u00e9dica especialista en Medicina General y Familiar.Hospital Delicia Concepci\u00f3n Masvernat. Concordia Entre R\u00edos<\/p>\n\t\t\t<a href=\"https:\/\/centrodeojosesteves.com.ar\/coe\/nosotros#profesionales\" target=\"_self\" role=\"button\" rel=\"noopener noreferrer\">\n\t\t\t\t\t\tVolver\n\t\t<\/a>\n","protected":false},"excerpt":{"rendered":"<p>&#8211; M\u00e9dica egresada de la Facultad de Ciencias M\u00e9dicas de la Universidad Nacional de Rosario Santa Fe. &#8211; M\u00e9dica especialista en Oftalmol\u00f3gia. Master en Oftalmol\u00f3gia. Universidad Cat\u00f3lica de Salta.Escuela universitaria en Ciencias de la Salud. &#8211; M\u00e9dica especialista en Medicina General y Familiar.Hospital Delicia Concepci\u00f3n Masvernat. Concordia Entre R\u00edos Volver<\/p>\n","protected":false},"author":1,"featured_media":0,"parent":0,"menu_order":0,"comment_status":"closed","ping_status":"closed","template":"","meta":[],"_links":{"self":[{"href":"https:\/\/centrodeojosesteves.com.ar\/coe\/wp-json\/wp\/v2\/pages\/216"}],"collection":[{"href":"https:\/\/centrodeojosesteves.com.ar\/coe\/wp-json\/wp\/v2\/pages"}],"about":[{"href":"https:\/\/centrodeojosesteves.com.ar\/coe\/wp-json\/wp\/v2\/types\/page"}],"author":[{"embeddable":true,"href":"https:\/\/centrodeojosesteves.com.ar\/coe\/wp-json\/wp\/v2\/users\/1"}],"replies":[{"embeddable":true,"href":"https:\/\/centrodeojosesteves.com.ar\/coe\/wp-json\/wp\/v2\/comments?post=216"}],"version-history":[{"count":1,"href":"https:\/\/centrodeojosesteves.com.ar\/coe\/wp-json\/wp\/v2\/pages\/216\/revisions"}],"predecessor-version":[{"id":275,"href":"https:\/\/centrodeojosesteves.com.ar\/coe\/wp-json\/wp\/v2\/pages\/216\/revisions\/275"}],"wp:attachment":[{"href":"https:\/\/centrodeojosesteves.com.ar\/coe\/wp-json\/wp\/v2\/media?parent=216"}],"curies":[{"name":"wp","href":"https:\/\/api.w.org\/{rel}","templated":true}]}}