{"id":214,"date":"2018-01-03T13:51:11","date_gmt":"2018-01-03T13:51:11","guid":{"rendered":"https:\/\/orbitaweb.com.ar\/muestras\/coe\/?page_id=10"},"modified":"2020-04-15T09:31:40","modified_gmt":"2020-04-15T12:31:40","slug":"nosotros","status":"publish","type":"page","link":"https:\/\/centrodeojosesteves.com.ar\/coe\/nosotros\/","title":{"rendered":"Nosotros"},"content":{"rendered":"\n\t\t\t\t<img loading=\"lazy\" src=\"https:\/\/centrodeojosesteves.com.ar\/coe\/wp-content\/uploads\/2020\/02\/nosotros.jpg\" alt=\"nosotros\" itemprop=\"image\" height=\"444\" width=\"1200\" title=\"nosotros\" onerror=\"this.style.display='none'\"  \/>\n\t<p>El\u00a0<strong>Centro de Ojos Esteves<\/strong>\u00a0es el resultado de un proyecto gestado desde diciembre de 1986, por una joven pareja de m\u00e9dicos oftalm\u00f3logos : el\u00a0<strong>Dr. Hugo Esteves<\/strong> y la <strong>Dra. Patricia P. de Esteves<\/strong>, que se radican en la ciudad de <strong>Concordia<\/strong> para desarrollar su familia y profesi\u00f3n.<\/p>\n<p>El centro abre sus puertas el 2 de abril de 1998, <strong>con la misi\u00f3n de mejorar la calidad visual de sus pacientes<\/strong>, brindando un servicio de excelencia basado en la alta especializaci\u00f3n de sus profesionales y utilizando tecnolog\u00eda de \u00faltima generaci\u00f3n.<\/p>\n<p>Hoy se ha transformado en un centro de referencia en el campo de la oftalmolog\u00eda en la provincia de Entre R\u00edos, especializ\u00e1ndose en el diagn\u00f3stico y tratamiento de las afecciones oculares y utilizando tambi\u00e9n, las m\u00e1s <strong>modernas y eficaces t\u00e9cnicas de intervenci\u00f3n quir\u00fargica<\/strong>, pero privilegiando, ante todo, un trato cordial y humano hacia sus pacientes.<\/p>\n\t\t\t\t<img loading=\"lazy\" src=\"https:\/\/centrodeojosesteves.com.ar\/coe\/wp-content\/uploads\/2020\/02\/centro-de-ojos-esteves-frente.jpg\" alt=\"centro-de-ojos-esteves-frente\" itemprop=\"image\" height=\"355\" width=\"716\" title=\"centro-de-ojos-esteves-frente\" onerror=\"this.style.display='none'\"  \/>\n\t<p><a name=\"profesionales\"><\/a><\/p>\n<h2><strong>NUESTROS PROFESIONALES<\/strong><\/h2>\n\t<h3><strong>Staff<\/strong><\/h3>\n\t<p>Nuestros especialistas son profesionales comprometidos con el cuidado de su salud ocular.<\/p>\n\t<h3><strong>Dr. Hugo Esteves<\/strong><\/h3>\n\t\t\t\t<img loading=\"lazy\" src=\"https:\/\/centrodeojosesteves.com.ar\/coe\/wp-content\/uploads\/2020\/02\/Hugo-Esteves.jpeg\" alt=\"Hugo Esteves\" itemprop=\"image\" height=\"1024\" width=\"768\" title=\"Hugo Esteves\" onerror=\"this.style.display='none'\"  \/>\n\t<p><a href=\"https:\/\/centrodeojosesteves.com.ar\/coe\/dr-hugo-esteves\/\">Curriculum<\/a><\/p>\n\t<h3><strong>Dra. Patricia Esteves<\/strong><\/h3>\n\t\t\t\t<img loading=\"lazy\" src=\"https:\/\/centrodeojosesteves.com.ar\/coe\/wp-content\/uploads\/2020\/02\/Patricia-Esteves.jpeg\" alt=\"Patricia Esteves\" itemprop=\"image\" height=\"1024\" width=\"768\" title=\"Patricia Esteves\" onerror=\"this.style.display='none'\"  \/>\n\t<p><a href=\"https:\/\/centrodeojosesteves.com.ar\/coe\/dra-patricia-paladini-esteves\/\">Curriculum<\/a><\/p>\n\t<h3><strong>Dra. Victoria Rourich<\/strong><\/h3>\n\t\t\t\t<img loading=\"lazy\" src=\"https:\/\/centrodeojosesteves.com.ar\/coe\/wp-content\/uploads\/2020\/02\/Victoria-Rourich.jpeg\" alt=\"Victoria Rourich\" itemprop=\"image\" height=\"1024\" width=\"768\" title=\"Victoria Rourich\" onerror=\"this.style.display='none'\"  \/>\n\t<p><a href=\"https:\/\/centrodeojosesteves.com.ar\/coe\/maria-victoria-rourich\/\">Curriculum<\/a><\/p>\n\t<h3><strong>Dra. Eugenia Esteves<\/strong><\/h3>\n\t\t\t\t<img loading=\"lazy\" src=\"https:\/\/centrodeojosesteves.com.ar\/coe\/wp-content\/uploads\/2020\/02\/Mar\u00eda-Eugenia-Esteves.jpeg\" alt=\"Mar\u00eda Eugenia Esteves\" itemprop=\"image\" height=\"1024\" width=\"768\" title=\"Mar\u00eda Eugenia Esteves\" onerror=\"this.style.display='none'\"  \/>\n\t<p><a href=\"https:\/\/centrodeojosesteves.com.ar\/coe\/dra-maria-eugenia-esteves\/\">Curriculum<\/a><\/p>\n\t<h3><strong>Dr. Joaquin Esteves<\/strong><\/h3>\n\t\t\t\t<img loading=\"lazy\" src=\"https:\/\/centrodeojosesteves.com.ar\/coe\/wp-content\/uploads\/2020\/02\/Joaquin-Esteves.jpeg\" alt=\"Joaquin Esteves\" itemprop=\"image\" height=\"1024\" width=\"768\" title=\"Joaquin Esteves\" onerror=\"this.style.display='none'\"  \/>\n\t<p><a href=\"https:\/\/centrodeojosesteves.com.ar\/coe\/dr-joaquin-esteves\/\">Curriculum<\/a><\/p>\n","protected":false},"excerpt":{"rendered":"<p>El\u00a0Centro de Ojos Esteves\u00a0es el resultado de un proyecto gestado desde diciembre de 1986, por una joven pareja de m\u00e9dicos oftalm\u00f3logos : el\u00a0Dr. Hugo Esteves y la Dra. Patricia P. de Esteves, que se radican en la ciudad de Concordia para desarrollar su familia y profesi\u00f3n. El centro abre sus puertas el 2 de abril &hellip;<\/p>\n<p class=\"read-more\"> <a class=\"\" href=\"https:\/\/centrodeojosesteves.com.ar\/coe\/nosotros\/\"> <span class=\"screen-reader-text\">Nosotros<\/span> Leer m\u00e1s &raquo;<\/a><\/p>\n","protected":false},"author":1,"featured_media":0,"parent":0,"menu_order":0,"comment_status":"closed","ping_status":"closed","template":"","meta":[],"_links":{"self":[{"href":"https:\/\/centrodeojosesteves.com.ar\/coe\/wp-json\/wp\/v2\/pages\/214"}],"collection":[{"href":"https:\/\/centrodeojosesteves.com.ar\/coe\/wp-json\/wp\/v2\/pages"}],"about":[{"href":"https:\/\/centrodeojosesteves.com.ar\/coe\/wp-json\/wp\/v2\/types\/page"}],"author":[{"embeddable":true,"href":"https:\/\/centrodeojosesteves.com.ar\/coe\/wp-json\/wp\/v2\/users\/1"}],"replies":[{"embeddable":true,"href":"https:\/\/centrodeojosesteves.com.ar\/coe\/wp-json\/wp\/v2\/comments?post=214"}],"version-history":[{"count":14,"href":"https:\/\/centrodeojosesteves.com.ar\/coe\/wp-json\/wp\/v2\/pages\/214\/revisions"}],"predecessor-version":[{"id":358,"href":"https:\/\/centrodeojosesteves.com.ar\/coe\/wp-json\/wp\/v2\/pages\/214\/revisions\/358"}],"wp:attachment":[{"href":"https:\/\/centrodeojosesteves.com.ar\/coe\/wp-json\/wp\/v2\/media?parent=214"}],"curies":[{"name":"wp","href":"https:\/\/api.w.org\/{rel}","templated":true}]}}