{"id":120,"date":"2018-01-23T19:46:57","date_gmt":"2018-01-23T19:46:57","guid":{"rendered":"https:\/\/orbitaweb.com.ar\/muestras\/coe\/?page_id=120"},"modified":"2020-02-03T17:14:21","modified_gmt":"2020-02-03T20:14:21","slug":"dr-joaquin-esteves","status":"publish","type":"page","link":"https:\/\/centrodeojosesteves.com.ar\/coe\/dr-joaquin-esteves\/","title":{"rendered":"Dr. Joaquin Esteves"},"content":{"rendered":"\n\t\t\t\t<img loading=\"lazy\" src=\"https:\/\/orbitaweb.com.ar\/muestras\/coe\/wp-content\/uploads\/2020\/01\/Joaquin-Esteves-225x300.jpeg\" alt=\"Joaquin Esteves\" itemprop=\"image\" height=\"300\" width=\"225\" title=\"Joaquin Esteves\" onerror=\"this.style.display='none'\"  \/>\n\t<p>-M\u00e9dico egresado de la Universidad de Buenos Aires<\/p>\n<p>-M\u00e9dico especialista en Oftalmolog\u00eda. Hospital Nuestra Se\u00f1ora de la Medalla Milagrosa. Malvinas Argentinas, Buenos Aires<\/p>\n<p>-Especialista Universitaria en Oftalmologia. Universidad de Buenos Aires<\/p>\n\t\t\t<a href=\"https:\/\/centrodeojosesteves.com.ar\/coe\/nosotros#profesionales\" target=\"_self\" role=\"button\" rel=\"noopener noreferrer\">\n\t\t\t\t\t\tVolver\n\t\t<\/a>\n","protected":false},"excerpt":{"rendered":"<p>-M\u00e9dico egresado de la Universidad de Buenos Aires -M\u00e9dico especialista en Oftalmolog\u00eda. Hospital Nuestra Se\u00f1ora de la Medalla Milagrosa. Malvinas Argentinas, Buenos Aires -Especialista Universitaria en Oftalmologia. Universidad de Buenos Aires Volver<\/p>\n","protected":false},"author":1,"featured_media":0,"parent":0,"menu_order":0,"comment_status":"closed","ping_status":"closed","template":"","meta":[],"_links":{"self":[{"href":"https:\/\/centrodeojosesteves.com.ar\/coe\/wp-json\/wp\/v2\/pages\/120"}],"collection":[{"href":"https:\/\/centrodeojosesteves.com.ar\/coe\/wp-json\/wp\/v2\/pages"}],"about":[{"href":"https:\/\/centrodeojosesteves.com.ar\/coe\/wp-json\/wp\/v2\/types\/page"}],"author":[{"embeddable":true,"href":"https:\/\/centrodeojosesteves.com.ar\/coe\/wp-json\/wp\/v2\/users\/1"}],"replies":[{"embeddable":true,"href":"https:\/\/centrodeojosesteves.com.ar\/coe\/wp-json\/wp\/v2\/comments?post=120"}],"version-history":[{"count":1,"href":"https:\/\/centrodeojosesteves.com.ar\/coe\/wp-json\/wp\/v2\/pages\/120\/revisions"}],"predecessor-version":[{"id":277,"href":"https:\/\/centrodeojosesteves.com.ar\/coe\/wp-json\/wp\/v2\/pages\/120\/revisions\/277"}],"wp:attachment":[{"href":"https:\/\/centrodeojosesteves.com.ar\/coe\/wp-json\/wp\/v2\/media?parent=120"}],"curies":[{"name":"wp","href":"https:\/\/api.w.org\/{rel}","templated":true}]}}